{"id":660,"date":"2025-03-29T19:31:11","date_gmt":"2025-03-29T19:31:11","guid":{"rendered":"https:\/\/fluffylabradoodles.pl\/?page_id=660"},"modified":"2026-02-06T22:06:45","modified_gmt":"2026-02-06T22:06:45","slug":"australijski-labradoodle","status":"publish","type":"page","link":"https:\/\/fluffylabradoodles.pl\/en\/australian-labradoodle\/","title":{"rendered":"Australian labradoodle breed description"},"content":{"rendered":"\t\t<div data-elementor-type=\"wp-page\" data-elementor-id=\"660\" class=\"elementor elementor-660\">\n\t\t\t\t<div class=\"elementor-element elementor-element-2e362db6 e-flex e-con-boxed e-con e-parent\" data-id=\"2e362db6\" data-element_type=\"container\" data-e-type=\"container\" data-settings=\"{&quot;background_background&quot;:&quot;classic&quot;}\">\n\t\t\t\t\t<div class=\"e-con-inner\">\n\t\t<div class=\"elementor-element elementor-element-49c1f7d7 e-con-full e-flex e-con e-child\" data-id=\"49c1f7d7\" data-element_type=\"container\" data-e-type=\"container\">\n\t\t\t\t<div class=\"elementor-element elementor-element-b96c68c elementor-widget elementor-widget-heading\" data-id=\"b96c68c\" data-element_type=\"widget\" data-e-type=\"widget\" data-widget_type=\"heading.default\">\n\t\t\t\t<div class=\"elementor-widget-container\">\n\t\t\t\t\t<h1 class=\"elementor-heading-title elementor-size-default\">Opis rasy - Australijski Labradoodle<\/h1>\t\t\t\t<\/div>\n\t\t\t\t<\/div>\n\t\t\t\t<\/div>\n\t\t<div class=\"elementor-element elementor-element-7c7c5732 e-con-full e-flex e-con e-child\" data-id=\"7c7c5732\" data-element_type=\"container\" data-e-type=\"container\">\n\t\t\t\t<div class=\"elementor-element elementor-element-4409ca52 elementor-widget__width-initial elementor-widget elementor-widget-image\" data-id=\"4409ca52\" data-element_type=\"widget\" data-e-type=\"widget\" data-widget_type=\"image.default\">\n\t\t\t\t<div class=\"elementor-widget-container\">\n\t\t\t\t\t\t\t\t\t\t\t\t\t\t\t<img loading=\"lazy\" decoding=\"async\" width=\"605\" height=\"596\" src=\"https:\/\/fluffylabradoodles.pl\/wp-content\/uploads\/2025\/03\/IMG_20250324_105007.png\" class=\"attachment-large size-large wp-image-575\" alt=\"\" srcset=\"https:\/\/fluffylabradoodles.pl\/wp-content\/uploads\/2025\/03\/IMG_20250324_105007.png 605w, https:\/\/fluffylabradoodles.pl\/wp-content\/uploads\/2025\/03\/IMG_20250324_105007-300x296.png 300w\" sizes=\"auto, (max-width: 605px) 100vw, 605px\" \/>\t\t\t\t\t\t\t\t\t\t\t\t\t\t\t<\/div>\n\t\t\t\t<\/div>\n\t\t\t\t<\/div>\n\t\t\t\t\t<\/div>\n\t\t\t\t<\/div>\n\t\t<div class=\"elementor-element elementor-element-7d70ae73 e-flex e-con-boxed e-con e-parent\" data-id=\"7d70ae73\" data-element_type=\"container\" data-e-type=\"container\" id=\"wzorzec\">\n\t\t\t\t\t<div class=\"e-con-inner\">\n\t\t\t\t<div class=\"elementor-element elementor-element-7dd7ae9 elementor-widget-mobile__width-initial elementor-widget elementor-widget-text-editor\" data-id=\"7dd7ae9\" data-element_type=\"widget\" data-e-type=\"widget\" data-widget_type=\"text-editor.default\">\n\t\t\t\t<div class=\"elementor-widget-container\">\n\t\t\t\t\t\t\t\t\t<p>The <strong>Australian Labradoodle<\/strong> is a breed that is gaining increasing popularity worldwide. These dogs captivate not only with their unique appearance but, most importantly, with their <strong>intelligence, ease of training, and incredibly friendly temperament<\/strong>. Additionally, for many dog lovers who suffer from allergies, the Australian Labradoodle may turn out to be a dream come true.<\/p>\t\t\t\t\t\t\t\t<\/div>\n\t\t\t\t<\/div>\n\t\t<div class=\"elementor-element elementor-element-3326cf6e e-con-full e-flex e-con e-child\" data-id=\"3326cf6e\" data-element_type=\"container\" data-e-type=\"container\">\n\t\t\t\t<div class=\"elementor-element elementor-element-324c532b elementor-widget elementor-widget-heading\" data-id=\"324c532b\" data-element_type=\"widget\" data-e-type=\"widget\" data-widget_type=\"heading.default\">\n\t\t\t\t<div class=\"elementor-widget-container\">\n\t\t\t\t\t<h2 class=\"elementor-heading-title elementor-size-default\">Historia Labradoodle<\/h2>\t\t\t\t<\/div>\n\t\t\t\t<\/div>\n\t\t\t\t<div class=\"elementor-element elementor-element-53af1a7a elementor-widget elementor-widget-text-editor\" data-id=\"53af1a7a\" data-element_type=\"widget\" data-e-type=\"widget\" data-widget_type=\"text-editor.default\">\n\t\t\t\t<div class=\"elementor-widget-container\">\n\t\t\t\t\t\t\t\t\t<p>In 1989, Wally Conron, a breeder from The Royal Victorian Guide Dogs Association, was tasked with creating a guide dog for a blind woman whose husband had allergies. He crossed a Labrador Retriever with a Poodle, hoping for intelligence and a low-shedding coat. The first litter consisted of three puppies, but only one had the desired traits. Many of the dogs from this line had difficult temperaments, which led Conron to ultimately discontinue the breeding program.<\/p><p>However, the growing interest in Labradoodles inspired Australian breeders Beverley Manners and her daughter Angela to continue Conron&#8217;s work, but in a more controlled manner. To improve temperament and the consistency of traits, they introduced additional breeds into the line, such as the Irish Water Spaniel, Cocker Spaniel, and Soft Coated Wheaten Terrier. After years of careful selection, they succeeded in creating dogs with a predictable appearance, hypoallergenic coats, and excellent temperaments.<\/p>\t\t\t\t\t\t\t\t<\/div>\n\t\t\t\t<\/div>\n\t\t\t\t<\/div>\n\t\t<div class=\"elementor-element elementor-element-268c376f e-con-full e-flex e-con e-child\" data-id=\"268c376f\" data-element_type=\"container\" data-e-type=\"container\" id=\"standard\">\n\t\t\t\t<div class=\"elementor-element elementor-element-20b83b34 elementor-widget elementor-widget-heading\" data-id=\"20b83b34\" data-element_type=\"widget\" data-e-type=\"widget\" data-widget_type=\"heading.default\">\n\t\t\t\t<div class=\"elementor-widget-container\">\n\t\t\t\t\t<h2 class=\"elementor-heading-title elementor-size-default\">Australijski Labradoodle to nie Labradoodle<\/h2>\t\t\t\t<\/div>\n\t\t\t\t<\/div>\n\t\t\t\t<div class=\"elementor-element elementor-element-228844d0 elementor-widget elementor-widget-text-editor\" data-id=\"228844d0\" data-element_type=\"widget\" data-e-type=\"widget\" data-widget_type=\"text-editor.default\">\n\t\t\t\t<div class=\"elementor-widget-container\">\n\t\t\t\t\t\t\t\t\t<p>Labradoodles, whether first-generation crosses or later generations (such as F1, F2, etc.), can vary in appearance, temperament, and shedding levels. In contrast, the <strong>Australian Labradoodle<\/strong> has been carefully developed to maintain desirable traits. Its genetic makeup includes Labrador Retriever, Poodle (Standard and Miniature), Irish Water Spaniel, English and American Cocker Spaniel, and Soft Coated Wheaten Terrier. As a result, the Australian Labradoodle has a more consistent build, a predictable temperament, and an allergy-friendly coat. Therefore, it is important to emphasize that the Australian Labradoodle<strong> is NOT<\/strong> simply a mix of a Poodle and a Labrador.<\/p>\t\t\t\t\t\t\t\t<\/div>\n\t\t\t\t<\/div>\n\t\t\t\t<\/div>\n\t\t<div class=\"elementor-element elementor-element-1087895 e-con-full e-flex e-con e-child\" data-id=\"1087895\" data-element_type=\"container\" data-e-type=\"container\">\n\t\t\t\t<div class=\"elementor-element elementor-element-69599f3 elementor-widget elementor-widget-heading\" data-id=\"69599f3\" data-element_type=\"widget\" data-e-type=\"widget\" data-widget_type=\"heading.default\">\n\t\t\t\t<div class=\"elementor-widget-container\">\n\t\t\t\t\t<h2 class=\"elementor-heading-title elementor-size-default\">Czy Australijski Labradoodle jest hipoalergiczny?<\/h2>\t\t\t\t<\/div>\n\t\t\t\t<\/div>\n\t\t\t\t<div class=\"elementor-element elementor-element-65a3123 elementor-widget elementor-widget-text-editor\" data-id=\"65a3123\" data-element_type=\"widget\" data-e-type=\"widget\" data-widget_type=\"text-editor.default\">\n\t\t\t\t<div class=\"elementor-widget-container\">\n\t\t\t\t\t\t\t\t\t<p>As you probably know, the Australian Labradoodle is one of the hypoallergenic breeds, meaning its coat is allergy-friendly. However, it\u2019s important to remember that allergic reactions can be triggered not only by fur but also by a dog\u2019s <strong>saliva, skin flakes, or even urine<\/strong>. That\u2019s why the best way to determine if this breed is right for you is to visit our kennel. <strong>We invite you to meet our dogs,<\/strong> spend some time with them, and see how you react in their presence. And while you&#8217;re here, enjoy a cup of delicious tea\u2014we\u2019re true tea enthusiasts!<\/p>\t\t\t\t\t\t\t\t<\/div>\n\t\t\t\t<\/div>\n\t\t\t\t<\/div>\n\t\t\t\t\t<\/div>\n\t\t\t\t<\/div>\n\t\t<div class=\"elementor-element elementor-element-3049de2f e-con-full e-flex e-con e-parent\" data-id=\"3049de2f\" data-element_type=\"container\" data-e-type=\"container\" id=\"testowy\" data-settings=\"{&quot;background_background&quot;:&quot;classic&quot;,&quot;shape_divider_top&quot;:&quot;mountains&quot;}\">\n\t\t\t\t<div class=\"elementor-shape elementor-shape-top\" aria-hidden=\"true\" data-negative=\"false\">\n\t\t\t<svg xmlns=\"http:\/\/www.w3.org\/2000\/svg\" viewBox=\"0 0 1000 100\" preserveAspectRatio=\"none\">\n\t<path class=\"elementor-shape-fill\" opacity=\"0.33\" d=\"M473,67.3c-203.9,88.3-263.1-34-320.3,0C66,119.1,0,59.7,0,59.7V0h1000v59.7 c0,0-62.1,26.1-94.9,29.3c-32.8,3.3-62.8-12.3-75.8-22.1C806,49.6,745.3,8.7,694.9,4.7S492.4,59,473,67.3z\"\/>\n\t<path class=\"elementor-shape-fill\" opacity=\"0.66\" d=\"M734,67.3c-45.5,0-77.2-23.2-129.1-39.1c-28.6-8.7-150.3-10.1-254,39.1 s-91.7-34.4-149.2,0C115.7,118.3,0,39.8,0,39.8V0h1000v36.5c0,0-28.2-18.5-92.1-18.5C810.2,18.1,775.7,67.3,734,67.3z\"\/>\n\t<path class=\"elementor-shape-fill\" d=\"M766.1,28.9c-200-57.5-266,65.5-395.1,19.5C242,1.8,242,5.4,184.8,20.6C128,35.8,132.3,44.9,89.9,52.5C28.6,63.7,0,0,0,0 h1000c0,0-9.9,40.9-83.6,48.1S829.6,47,766.1,28.9z\"\/>\n<\/svg>\t\t<\/div>\n\t\t<div class=\"elementor-element elementor-element-16c78ef0 e-con-full e-flex e-con e-child\" data-id=\"16c78ef0\" data-element_type=\"container\" data-e-type=\"container\">\n\t\t<div class=\"elementor-element elementor-element-1a396501 e-con-full e-flex e-con e-child\" data-id=\"1a396501\" data-element_type=\"container\" data-e-type=\"container\" id=\"contact\">\n\t\t\t\t<div class=\"elementor-element elementor-element-2fe9f2eb elementor-widget elementor-widget-heading\" data-id=\"2fe9f2eb\" data-element_type=\"widget\" data-e-type=\"widget\" id=\"#contact\" data-widget_type=\"heading.default\">\n\t\t\t\t<div class=\"elementor-widget-container\">\n\t\t\t\t\t<h2 class=\"elementor-heading-title elementor-size-default\">Kontakt<\/h2>\t\t\t\t<\/div>\n\t\t\t\t<\/div>\n\t\t\t\t<div class=\"elementor-element elementor-element-4c9d80ae elementor-widget-divider--view-line elementor-invisible elementor-widget elementor-widget-divider\" data-id=\"4c9d80ae\" data-element_type=\"widget\" data-e-type=\"widget\" data-settings=\"{&quot;_animation&quot;:&quot;fadeIn&quot;,&quot;_animation_delay&quot;:200}\" data-widget_type=\"divider.default\">\n\t\t\t\t<div class=\"elementor-widget-container\">\n\t\t\t\t\t\t\t<div class=\"elementor-divider\">\n\t\t\t<span class=\"elementor-divider-separator\">\n\t\t\t\t\t\t<\/span>\n\t\t<\/div>\n\t\t\t\t\t\t<\/div>\n\t\t\t\t<\/div>\n\t\t\t\t<div class=\"elementor-element elementor-element-ea036d0 elementor-invisible elementor-widget elementor-widget-text-editor\" data-id=\"ea036d0\" data-element_type=\"widget\" data-e-type=\"widget\" data-settings=\"{&quot;_animation&quot;:&quot;fadeIn&quot;,&quot;_animation_delay&quot;:250}\" data-widget_type=\"text-editor.default\">\n\t\t\t\t<div class=\"elementor-widget-container\">\n\t\t\t\t\t\t\t\t\t<p>Are you looking for a loyal, loving companion to become a part of your family? Do you have any questions about Australian Labradoodles or our breeding program?<\/p><p>Feel free to contact us \u2013 we\u2019re happy to help!<\/p>\t\t\t\t\t\t\t\t<\/div>\n\t\t\t\t<\/div>\n\t\t\t\t<div class=\"elementor-element elementor-element-d81f2a5 elementor-widget elementor-widget-heading\" data-id=\"d81f2a5\" data-element_type=\"widget\" data-e-type=\"widget\" data-widget_type=\"heading.default\">\n\t\t\t\t<div class=\"elementor-widget-container\">\n\t\t\t\t\t<h2 class=\"elementor-heading-title elementor-size-default\">Skontaktuj si\u0119 z nami:<\/h2>\t\t\t\t<\/div>\n\t\t\t\t<\/div>\n\t\t\t\t<div class=\"elementor-element elementor-element-4e040d62 elementor-mobile-align-start elementor-icon-list--layout-traditional elementor-list-item-link-full_width elementor-widget elementor-widget-icon-list\" data-id=\"4e040d62\" data-element_type=\"widget\" data-e-type=\"widget\" data-widget_type=\"icon-list.default\">\n\t\t\t\t<div class=\"elementor-widget-container\">\n\t\t\t\t\t\t\t<ul class=\"elementor-icon-list-items\">\n\t\t\t\t\t\t\t<li class=\"elementor-icon-list-item\">\n\t\t\t\t\t\t\t\t\t\t\t<span class=\"elementor-icon-list-icon\">\n\t\t\t\t\t\t\t<svg aria-hidden=\"true\" class=\"e-font-icon-svg e-fas-map-marker-alt\" viewBox=\"0 0 384 512\" xmlns=\"http:\/\/www.w3.org\/2000\/svg\"><path d=\"M172.268 501.67C26.97 291.031 0 269.413 0 192 0 85.961 85.961 0 192 0s192 85.961 192 192c0 77.413-26.97 99.031-172.268 309.67-9.535 13.774-29.93 13.773-39.464 0zM192 272c44.183 0 80-35.817 80-80s-35.817-80-80-80-80 35.817-80 80 35.817 80 80 80z\"><\/path><\/svg>\t\t\t\t\t\t<\/span>\n\t\t\t\t\t\t\t\t\t\t<span class=\"elementor-icon-list-text\">Poland, \u0141\u00f3d\u017a<\/span>\n\t\t\t\t\t\t\t\t\t<\/li>\n\t\t\t\t\t\t\t\t<li class=\"elementor-icon-list-item\">\n\t\t\t\t\t\t\t\t\t\t\t<span class=\"elementor-icon-list-icon\">\n\t\t\t\t\t\t\t<svg aria-hidden=\"true\" class=\"e-font-icon-svg e-fas-phone\" viewBox=\"0 0 512 512\" xmlns=\"http:\/\/www.w3.org\/2000\/svg\"><path d=\"M493.4 24.6l-104-24c-11.3-2.6-22.9 3.3-27.5 13.9l-48 112c-4.2 9.8-1.4 21.3 6.9 28l60.6 49.6c-36 76.7-98.9 140.5-177.2 177.2l-49.6-60.6c-6.8-8.3-18.2-11.1-28-6.9l-112 48C3.9 366.5-2 378.1.6 389.4l24 104C27.1 504.2 36.7 512 48 512c256.1 0 464-207.5 464-464 0-11.2-7.7-20.9-18.6-23.4z\"><\/path><\/svg>\t\t\t\t\t\t<\/span>\n\t\t\t\t\t\t\t\t\t\t<span class=\"elementor-icon-list-text\"><b>+<\/b>48<b> <\/b>791 518 070<\/span>\n\t\t\t\t\t\t\t\t\t<\/li>\n\t\t\t\t\t\t\t\t<li class=\"elementor-icon-list-item\">\n\t\t\t\t\t\t\t\t\t\t\t<span class=\"elementor-icon-list-icon\">\n\t\t\t\t\t\t\t<svg aria-hidden=\"true\" class=\"e-font-icon-svg e-far-envelope-open\" viewBox=\"0 0 512 512\" xmlns=\"http:\/\/www.w3.org\/2000\/svg\"><path d=\"M494.586 164.516c-4.697-3.883-111.723-89.95-135.251-108.657C337.231 38.191 299.437 0 256 0c-43.205 0-80.636 37.717-103.335 55.859-24.463 19.45-131.07 105.195-135.15 108.549A48.004 48.004 0 0 0 0 201.485V464c0 26.51 21.49 48 48 48h416c26.51 0 48-21.49 48-48V201.509a48 48 0 0 0-17.414-36.993zM464 458a6 6 0 0 1-6 6H54a6 6 0 0 1-6-6V204.347c0-1.813.816-3.526 2.226-4.665 15.87-12.814 108.793-87.554 132.364-106.293C200.755 78.88 232.398 48 256 48c23.693 0 55.857 31.369 73.41 45.389 23.573 18.741 116.503 93.493 132.366 106.316a5.99 5.99 0 0 1 2.224 4.663V458zm-31.991-187.704c4.249 5.159 3.465 12.795-1.745 16.981-28.975 23.283-59.274 47.597-70.929 56.863C336.636 362.283 299.205 400 256 400c-43.452 0-81.287-38.237-103.335-55.86-11.279-8.967-41.744-33.413-70.927-56.865-5.21-4.187-5.993-11.822-1.745-16.981l15.258-18.528c4.178-5.073 11.657-5.843 16.779-1.726 28.618 23.001 58.566 47.035 70.56 56.571C200.143 320.631 232.307 352 256 352c23.602 0 55.246-30.88 73.41-45.389 11.994-9.535 41.944-33.57 70.563-56.568 5.122-4.116 12.601-3.346 16.778 1.727l15.258 18.526z\"><\/path><\/svg>\t\t\t\t\t\t<\/span>\n\t\t\t\t\t\t\t\t\t\t<span class=\"elementor-icon-list-text\">labradoodlesbreader@gmail.com<\/span>\n\t\t\t\t\t\t\t\t\t<\/li>\n\t\t\t\t\t\t<\/ul>\n\t\t\t\t\t\t<\/div>\n\t\t\t\t<\/div>\n\t\t\t\t<\/div>\n\t\t<div class=\"elementor-element elementor-element-c3e97da e-con-full e-flex e-con e-child\" data-id=\"c3e97da\" data-element_type=\"container\" data-e-type=\"container\">\n\t\t\t\t<\/div>\n\t\t<div class=\"elementor-element elementor-element-427c72ee e-con-full e-flex e-con e-child\" data-id=\"427c72ee\" data-element_type=\"container\" data-e-type=\"container\">\n\t\t\t\t<\/div>\n\t\t<div class=\"elementor-element elementor-element-3020a6dd e-con-full e-flex e-con e-child\" data-id=\"3020a6dd\" data-element_type=\"container\" data-e-type=\"container\">\n\t\t\t\t<\/div>\n\t\t\t\t<\/div>\n\t\t<div class=\"elementor-element elementor-element-1000855e e-con-full e-flex e-con e-child\" data-id=\"1000855e\" data-element_type=\"container\" data-e-type=\"container\">\n\t\t\t\t<div class=\"elementor-element elementor-element-651bbfee elementor-widget elementor-widget-heading\" data-id=\"651bbfee\" data-element_type=\"widget\" data-e-type=\"widget\" data-widget_type=\"heading.default\">\n\t\t\t\t<div class=\"elementor-widget-container\">\n\t\t\t\t\t<h2 class=\"elementor-heading-title elementor-size-default\">Dumnie nale\u017cymy do:<\/h2>\t\t\t\t<\/div>\n\t\t\t\t<\/div>\n\t\t<div class=\"elementor-element elementor-element-72aac127 e-con-full e-grid e-con e-child\" data-id=\"72aac127\" data-element_type=\"container\" data-e-type=\"container\" data-settings=\"{&quot;background_background&quot;:&quot;classic&quot;}\">\n\t\t\t\t<div class=\"elementor-element elementor-element-c8e5d23 elementor-widget__width-auto elementor-widget elementor-widget-image\" data-id=\"c8e5d23\" data-element_type=\"widget\" data-e-type=\"widget\" data-widget_type=\"image.default\">\n\t\t\t\t<div class=\"elementor-widget-container\">\n\t\t\t\t\t\t\t\t\t\t\t\t<figure class=\"wp-caption\">\n\t\t\t\t\t\t\t\t\t\t\t<a href=\"https:\/\/www.walalabradoodles.org\/\" target=\"_blank\" rel=\"noopener\">\n\t\t\t\t\t\t\t<img loading=\"lazy\" decoding=\"async\" width=\"256\" height=\"256\" src=\"https:\/\/fluffylabradoodles.pl\/wp-content\/uploads\/2025\/03\/wala-logo.png\" class=\"attachment-medium size-medium wp-image-430\" alt=\"Logo organizacji WALA zrzeszaj\u0105cej hodowc\u00f3w australijskie labradoodle\" srcset=\"https:\/\/fluffylabradoodles.pl\/wp-content\/uploads\/2025\/03\/wala-logo.png 256w, https:\/\/fluffylabradoodles.pl\/wp-content\/uploads\/2025\/03\/wala-logo-150x150.png 150w, https:\/\/fluffylabradoodles.pl\/wp-content\/uploads\/2025\/03\/wala-logo-12x12.png 12w\" sizes=\"auto, (max-width: 256px) 100vw, 256px\" \/>\t\t\t\t\t\t\t\t<\/a>\n\t\t\t\t\t\t\t\t\t\t\t<figcaption class=\"widget-image-caption wp-caption-text\">Logo organizacji WALA zrzeszaj\u0105cej hodowc\u00f3w australijskie labradoodle<\/figcaption>\n\t\t\t\t\t\t\t\t\t\t<\/figure>\n\t\t\t\t\t\t\t\t\t<\/div>\n\t\t\t\t<\/div>\n\t\t\t\t<div class=\"elementor-element elementor-element-1b44c957 elementor-widget__width-auto elementor-widget elementor-widget-image\" data-id=\"1b44c957\" data-element_type=\"widget\" data-e-type=\"widget\" data-widget_type=\"image.default\">\n\t\t\t\t<div class=\"elementor-widget-container\">\n\t\t\t\t\t\t\t\t\t\t\t\t\t\t\t\t<a href=\"https:\/\/www.walalabradoodles.org\/\" target=\"_blank\" rel=\"noopener\">\n\t\t\t\t\t\t\t<img loading=\"lazy\" decoding=\"async\" width=\"250\" height=\"300\" src=\"https:\/\/fluffylabradoodles.pl\/wp-content\/uploads\/2025\/02\/Fluffy-Labradoodle-Paws-Accredited-2-250x300.png\" class=\"attachment-medium size-medium wp-image-297\" alt=\"Odznaczenia WALA Przyznawane hodowc\u0105 Australijskich Labradoodle\" srcset=\"https:\/\/fluffylabradoodles.pl\/wp-content\/uploads\/2025\/02\/Fluffy-Labradoodle-Paws-Accredited-2-250x300.png 250w, https:\/\/fluffylabradoodles.pl\/wp-content\/uploads\/2025\/02\/Fluffy-Labradoodle-Paws-Accredited-2-852x1024.png 852w, https:\/\/fluffylabradoodles.pl\/wp-content\/uploads\/2025\/02\/Fluffy-Labradoodle-Paws-Accredited-2-768x923.png 768w, https:\/\/fluffylabradoodles.pl\/wp-content\/uploads\/2025\/02\/Fluffy-Labradoodle-Paws-Accredited-2.png 888w\" sizes=\"auto, (max-width: 250px) 100vw, 250px\" \/>\t\t\t\t\t\t\t\t<\/a>\n\t\t\t\t\t\t\t\t\t\t\t\t\t\t\t<\/div>\n\t\t\t\t<\/div>\n\t\t\t\t<div class=\"elementor-element elementor-element-670a966b elementor-widget elementor-widget-image\" data-id=\"670a966b\" data-element_type=\"widget\" data-e-type=\"widget\" data-widget_type=\"image.default\">\n\t\t\t\t<div class=\"elementor-widget-container\">\n\t\t\t\t\t\t\t\t\t\t\t\t<figure class=\"wp-caption\">\n\t\t\t\t\t\t\t\t\t\t\t<a href=\"https:\/\/alaeu.com\/\" target=\"_blank\" rel=\"noopener\">\n\t\t\t\t\t\t\t<img loading=\"lazy\" decoding=\"async\" width=\"300\" height=\"297\" src=\"https:\/\/fluffylabradoodles.pl\/wp-content\/uploads\/2026\/02\/ALAEU-logo-2026-transparant-300x297.png\" class=\"attachment-medium size-medium wp-image-1201\" alt=\"Australian Labradoodle Association Europe\" srcset=\"https:\/\/fluffylabradoodles.pl\/wp-content\/uploads\/2026\/02\/ALAEU-logo-2026-transparant-300x297.png 300w, https:\/\/fluffylabradoodles.pl\/wp-content\/uploads\/2026\/02\/ALAEU-logo-2026-transparant-150x150.png 150w, https:\/\/fluffylabradoodles.pl\/wp-content\/uploads\/2026\/02\/ALAEU-logo-2026-transparant.png 625w\" sizes=\"auto, (max-width: 300px) 100vw, 300px\" \/>\t\t\t\t\t\t\t\t<\/a>\n\t\t\t\t\t\t\t\t\t\t\t<figcaption class=\"widget-image-caption wp-caption-text\"><\/figcaption>\n\t\t\t\t\t\t\t\t\t\t<\/figure>\n\t\t\t\t\t\t\t\t\t<\/div>\n\t\t\t\t<\/div>\n\t\t\t\t<\/div>\n\t\t\t\t<\/div>\n\t\t\t\t<\/div>\n\t\t\t\t<\/div>\n\t\t","protected":false},"excerpt":{"rendered":"<p>Opis rasy &#8211; Australijski Labradoodle Australijski Labradoodle to rasa, kt\u00f3ra zyskuje coraz wi\u0119ksz\u0105 popularno\u015b\u0107 na ca\u0142ym \u015bwiecie. Psy te zachwycaj\u0105 nie tylko swoim wyj\u0105tkowym wygl\u0105dem, ale przede wszystkim inteligencj\u0105, \u0142atwo\u015bci\u0105 w szkoleniu i niezwykle przyjaznym charakterem. Dodatkowo, dla wielu mi\u0142o\u015bnik\u00f3w ps\u00f3w cierpi\u0105cych na alergie, Australian Labradoodle mo\u017ce okaza\u0107 si\u0119 spe\u0142nieniem marze\u0144. Historia Labradoodle W 1989&#8230;<\/p>\n","protected":false},"author":1,"featured_media":0,"parent":0,"menu_order":0,"comment_status":"closed","ping_status":"closed","template":"","meta":{"_kad_post_transparent":"","_kad_post_title":"hide","_kad_post_layout":"fullwidth","_kad_post_sidebar_id":"","_kad_post_content_style":"unboxed","_kad_post_vertical_padding":"hide","_kad_post_feature":"hide","_kad_post_feature_position":"","_kad_post_header":false,"_kad_post_footer":false,"_kad_post_classname":"","footnotes":""},"class_list":["post-660","page","type-page","status-publish","hentry"],"_links":{"self":[{"href":"https:\/\/fluffylabradoodles.pl\/en\/wp-json\/wp\/v2\/pages\/660","targetHints":{"allow":["GET"]}}],"collection":[{"href":"https:\/\/fluffylabradoodles.pl\/en\/wp-json\/wp\/v2\/pages"}],"about":[{"href":"https:\/\/fluffylabradoodles.pl\/en\/wp-json\/wp\/v2\/types\/page"}],"author":[{"embeddable":true,"href":"https:\/\/fluffylabradoodles.pl\/en\/wp-json\/wp\/v2\/users\/1"}],"replies":[{"embeddable":true,"href":"https:\/\/fluffylabradoodles.pl\/en\/wp-json\/wp\/v2\/comments?post=660"}],"version-history":[{"count":50,"href":"https:\/\/fluffylabradoodles.pl\/en\/wp-json\/wp\/v2\/pages\/660\/revisions"}],"predecessor-version":[{"id":1227,"href":"https:\/\/fluffylabradoodles.pl\/en\/wp-json\/wp\/v2\/pages\/660\/revisions\/1227"}],"wp:attachment":[{"href":"https:\/\/fluffylabradoodles.pl\/en\/wp-json\/wp\/v2\/media?parent=660"}],"curies":[{"name":"wp","href":"https:\/\/api.w.org\/{rel}","templated":true}]}}