{"id":1276,"date":"2026-03-29T19:49:08","date_gmt":"2026-03-29T19:49:08","guid":{"rendered":"https:\/\/fluffylabradoodles.pl\/?page_id=1276"},"modified":"2026-03-29T20:16:46","modified_gmt":"2026-03-29T20:16:46","slug":"szczeniaki","status":"publish","type":"page","link":"https:\/\/fluffylabradoodles.pl\/en\/puppies\/","title":{"rendered":"Puppies"},"content":{"rendered":"\t\t<div data-elementor-type=\"wp-page\" data-elementor-id=\"1276\" class=\"elementor elementor-1276\">\n\t\t\t\t<div class=\"elementor-element elementor-element-4079f6b e-flex e-con-boxed e-con e-parent\" data-id=\"4079f6b\" data-element_type=\"container\" data-e-type=\"container\" data-settings=\"{&quot;background_background&quot;:&quot;classic&quot;}\">\n\t\t\t\t\t<div class=\"e-con-inner\">\n\t\t<div class=\"elementor-element elementor-element-23868136 e-con-full e-flex e-con e-child\" data-id=\"23868136\" data-element_type=\"container\" data-e-type=\"container\">\n\t\t\t\t<div class=\"elementor-element elementor-element-1a2a3189 elementor-widget elementor-widget-heading\" data-id=\"1a2a3189\" data-element_type=\"widget\" data-e-type=\"widget\" data-widget_type=\"heading.default\">\n\t\t\t\t<div class=\"elementor-widget-container\">\n\t\t\t\t\t<h1 class=\"elementor-heading-title elementor-size-default\">Puppies<\/h1>\t\t\t\t<\/div>\n\t\t\t\t<\/div>\n\t\t\t\t<\/div>\n\t\t<div class=\"elementor-element elementor-element-358179f9 e-con-full e-flex e-con e-child\" data-id=\"358179f9\" data-element_type=\"container\" data-e-type=\"container\">\n\t\t\t\t<div class=\"elementor-element elementor-element-1d71a18e elementor-widget__width-initial elementor-widget elementor-widget-image\" data-id=\"1d71a18e\" data-element_type=\"widget\" data-e-type=\"widget\" data-widget_type=\"image.default\">\n\t\t\t\t<div class=\"elementor-widget-container\">\n\t\t\t\t\t\t\t\t\t\t\t\t\t\t\t<img loading=\"lazy\" decoding=\"async\" width=\"605\" height=\"596\" src=\"https:\/\/fluffylabradoodles.pl\/wp-content\/uploads\/2025\/03\/IMG_20250324_105007.png\" class=\"attachment-large size-large wp-image-575\" alt=\"\" srcset=\"https:\/\/fluffylabradoodles.pl\/wp-content\/uploads\/2025\/03\/IMG_20250324_105007.png 605w, https:\/\/fluffylabradoodles.pl\/wp-content\/uploads\/2025\/03\/IMG_20250324_105007-300x296.png 300w\" sizes=\"auto, (max-width: 605px) 100vw, 605px\" \/>\t\t\t\t\t\t\t\t\t\t\t\t\t\t\t<\/div>\n\t\t\t\t<\/div>\n\t\t\t\t<\/div>\n\t\t\t\t\t<\/div>\n\t\t\t\t<\/div>\n\t\t<div class=\"elementor-element elementor-element-57162c8e e-flex e-con-boxed e-con e-parent\" data-id=\"57162c8e\" data-element_type=\"container\" data-e-type=\"container\" id=\"wzorzec\">\n\t\t\t\t\t<div class=\"e-con-inner\">\n\t\t<div class=\"elementor-element elementor-element-1e12efa0 e-con-full e-flex e-con e-child\" data-id=\"1e12efa0\" data-element_type=\"container\" data-e-type=\"container\">\n\t\t\t\t<div class=\"elementor-element elementor-element-2cbd1f69 elementor-widget elementor-widget-text-editor\" data-id=\"2cbd1f69\" data-element_type=\"widget\" data-e-type=\"widget\" data-widget_type=\"text-editor.default\">\n\t\t\t\t<div class=\"elementor-widget-container\">\n\t\t\t\t\t\t\t\t\t<p data-start=\"126\" data-end=\"186\"><strong data-start=\"126\" data-end=\"186\">When choosing a puppy from our kennel, you will receive:<\/strong><\/p><ul data-start=\"188\" data-end=\"618\"><li data-section-id=\"1477mt2\" data-start=\"188\" data-end=\"269\">a healthy puppy, vaccinated and dewormed according to the veterinary schedule<\/li><li data-section-id=\"vfjjvz\" data-start=\"270\" data-end=\"329\">a dog with full documentation and a documented pedigree<\/li><li data-section-id=\"kozbg5\" data-start=\"330\" data-end=\"382\">a puppy covered by a <strong data-start=\"353\" data-end=\"380\">2-year health guarantee<\/strong><\/li><li data-section-id=\"fcze1f\" data-start=\"383\" data-end=\"437\">a puppy that has undergone <strong data-start=\"412\" data-end=\"435\">temperament testing<\/strong><\/li><li data-section-id=\"1hltjur\" data-start=\"438\" data-end=\"512\">a properly socialized puppy, in the process of learning house training<\/li><li data-section-id=\"6zy0fx\" data-start=\"513\" data-end=\"549\">a <strong data-start=\"517\" data-end=\"547\">complete starter puppy kit<\/strong><\/li><li data-section-id=\"17jssk2\" data-start=\"550\" data-end=\"618\"><strong data-start=\"552\" data-end=\"618\">full breeder support<\/strong><\/li><\/ul><p data-start=\"620\" data-end=\"779\">\ud83d\udc36 <strong data-start=\"623\" data-end=\"638\">Pet puppies<\/strong> are placed with the obligation to perform <strong data-start=\"681\" data-end=\"722\">spaying\/neutering by 18 months of age<\/strong>.<br data-start=\"723\" data-end=\"726\" \/>We strongly say <strong data-start=\"742\" data-end=\"778\">NO to early spaying or neutering<\/strong>.<\/p>\t\t\t\t\t\t\t\t<\/div>\n\t\t\t\t<\/div>\n\t\t\t\t<\/div>\n\t\t\t\t\t<\/div>\n\t\t\t\t<\/div>\n\t\t\t\t<\/div>\n\t\t","protected":false},"excerpt":{"rendered":"<p>Szczeniaki Decyduj\u0105c si\u0119 na szczeniaka z naszej hodowli, w Twoje r\u0119ce trafi: zdrowe szczeni\u0119, zaszczepione i odrobaczone zgodnie z kalendarzem weterynaryjnym pies z pe\u0142n\u0105 dokumentacj\u0105 oraz drzewem rodowodowym szczeniak obj\u0119ty 2-letni\u0105 gwarancj\u0105 zdrowia maluch po przeprowadzonych testach&nbsp;temperamentu prawid\u0142owo zsocjalizowany, b\u0119d\u0105cy na etapie nauki czysto\u015bci szczeni\u0119 z kompletn\u0105 wyprawk\u0105 na start pe\u0142ne wsparcie hodowlane \ud83d\udc36 Szczeni\u0119ta&#8230;<\/p>\n","protected":false},"author":1,"featured_media":0,"parent":0,"menu_order":0,"comment_status":"closed","ping_status":"closed","template":"","meta":{"_kad_post_transparent":"","_kad_post_title":"hide","_kad_post_layout":"fullwidth","_kad_post_sidebar_id":"","_kad_post_content_style":"unboxed","_kad_post_vertical_padding":"hide","_kad_post_feature":"hide","_kad_post_feature_position":"","_kad_post_header":false,"_kad_post_footer":false,"_kad_post_classname":"","footnotes":""},"class_list":["post-1276","page","type-page","status-publish","hentry"],"_links":{"self":[{"href":"https:\/\/fluffylabradoodles.pl\/en\/wp-json\/wp\/v2\/pages\/1276","targetHints":{"allow":["GET"]}}],"collection":[{"href":"https:\/\/fluffylabradoodles.pl\/en\/wp-json\/wp\/v2\/pages"}],"about":[{"href":"https:\/\/fluffylabradoodles.pl\/en\/wp-json\/wp\/v2\/types\/page"}],"author":[{"embeddable":true,"href":"https:\/\/fluffylabradoodles.pl\/en\/wp-json\/wp\/v2\/users\/1"}],"replies":[{"embeddable":true,"href":"https:\/\/fluffylabradoodles.pl\/en\/wp-json\/wp\/v2\/comments?post=1276"}],"version-history":[{"count":4,"href":"https:\/\/fluffylabradoodles.pl\/en\/wp-json\/wp\/v2\/pages\/1276\/revisions"}],"predecessor-version":[{"id":1280,"href":"https:\/\/fluffylabradoodles.pl\/en\/wp-json\/wp\/v2\/pages\/1276\/revisions\/1280"}],"wp:attachment":[{"href":"https:\/\/fluffylabradoodles.pl\/en\/wp-json\/wp\/v2\/media?parent=1276"}],"curies":[{"name":"wp","href":"https:\/\/api.w.org\/{rel}","templated":true}]}}