{"id":1150,"date":"2025-06-19T10:53:08","date_gmt":"2025-06-19T10:53:08","guid":{"rendered":"https:\/\/fluffylabradoodles.pl\/?page_id=1150"},"modified":"2026-02-06T22:12:46","modified_gmt":"2026-02-06T22:12:46","slug":"na-start","status":"publish","type":"page","link":"https:\/\/fluffylabradoodles.pl\/en\/new-owner-guide\/","title":{"rendered":"New Owner Guide"},"content":{"rendered":"\t\t<div data-elementor-type=\"wp-page\" data-elementor-id=\"1150\" class=\"elementor elementor-1150\">\n\t\t\t\t<div class=\"elementor-element elementor-element-2163db1d e-flex e-con-boxed e-con e-parent\" data-id=\"2163db1d\" data-element_type=\"container\" data-e-type=\"container\" data-settings=\"{&quot;background_background&quot;:&quot;classic&quot;}\">\n\t\t\t\t\t<div class=\"e-con-inner\">\n\t\t<div class=\"elementor-element elementor-element-4a566763 e-con-full e-flex e-con e-child\" data-id=\"4a566763\" data-element_type=\"container\" data-e-type=\"container\">\n\t\t\t\t<div class=\"elementor-element elementor-element-56174030 elementor-widget elementor-widget-heading\" data-id=\"56174030\" data-element_type=\"widget\" data-e-type=\"widget\" data-widget_type=\"heading.default\">\n\t\t\t\t<div class=\"elementor-widget-container\">\n\t\t\t\t\t<h1 class=\"elementor-heading-title elementor-size-default\">New Owner Guide<\/h1>\t\t\t\t<\/div>\n\t\t\t\t<\/div>\n\t\t\t\t<\/div>\n\t\t<div class=\"elementor-element elementor-element-4aa5d342 e-con-full e-flex e-con e-child\" data-id=\"4aa5d342\" data-element_type=\"container\" data-e-type=\"container\">\n\t\t\t\t<div class=\"elementor-element elementor-element-64a627bd elementor-widget__width-initial elementor-widget elementor-widget-image\" data-id=\"64a627bd\" data-element_type=\"widget\" data-e-type=\"widget\" data-widget_type=\"image.default\">\n\t\t\t\t<div class=\"elementor-widget-container\">\n\t\t\t\t\t\t\t\t\t\t\t\t\t\t\t<img loading=\"lazy\" decoding=\"async\" width=\"605\" height=\"596\" src=\"https:\/\/fluffylabradoodles.pl\/wp-content\/uploads\/2025\/03\/IMG_20250324_105007.png\" class=\"attachment-large size-large wp-image-575\" alt=\"\" srcset=\"https:\/\/fluffylabradoodles.pl\/wp-content\/uploads\/2025\/03\/IMG_20250324_105007.png 605w, https:\/\/fluffylabradoodles.pl\/wp-content\/uploads\/2025\/03\/IMG_20250324_105007-300x296.png 300w\" sizes=\"auto, (max-width: 605px) 100vw, 605px\" \/>\t\t\t\t\t\t\t\t\t\t\t\t\t\t\t<\/div>\n\t\t\t\t<\/div>\n\t\t\t\t<\/div>\n\t\t\t\t\t<\/div>\n\t\t\t\t<\/div>\n\t\t<div class=\"elementor-element elementor-element-2002ae35 e-flex e-con-boxed e-con e-parent\" data-id=\"2002ae35\" data-element_type=\"container\" data-e-type=\"container\" id=\"wzorzec\">\n\t\t\t\t\t<div class=\"e-con-inner\">\n\t\t<div class=\"elementor-element elementor-element-17d09876 e-con-full e-flex e-con e-child\" data-id=\"17d09876\" data-element_type=\"container\" data-e-type=\"container\">\n\t\t\t\t<div class=\"elementor-element elementor-element-668be10 elementor-widget elementor-widget-heading\" data-id=\"668be10\" data-element_type=\"widget\" data-e-type=\"widget\" data-widget_type=\"heading.default\">\n\t\t\t\t<div class=\"elementor-widget-container\">\n\t\t\t\t\t<h3 class=\"elementor-heading-title elementor-size-default\">New Labradoodle Owner Guide<\/h3>\t\t\t\t<\/div>\n\t\t\t\t<\/div>\n\t\t\t\t<\/div>\n\t\t<div class=\"elementor-element elementor-element-6fdb8c7f e-con-full e-flex e-con e-child\" data-id=\"6fdb8c7f\" data-element_type=\"container\" data-e-type=\"container\">\n\t\t\t\t<div class=\"elementor-element elementor-element-32f3860e elementor-widget elementor-widget-text-editor\" data-id=\"32f3860e\" data-element_type=\"widget\" data-e-type=\"widget\" data-widget_type=\"text-editor.default\">\n\t\t\t\t<div class=\"elementor-widget-container\">\n\t\t\t\t\t\t\t\t\t<p>Bringing a puppy home is a great joy \u2013 but also a big responsibility.<br \/>The first days in a new environment are crucial for helping your puppy feel safe and begin to develop in a healthy way. Labradoodles are intelligent and sensitive dogs \u2013 they need a stable, calm space to adjust to their new reality.<\/p><p>As a breeder, we\u2019re always here for you \u2013 we support families who welcome our puppies into their homes by answering ongoing questions and helping solve any early challenges. To make those first steps smoother and answer your most common concerns, we\u2019ve prepared a series of practical articles to guide you through this special time.<\/p><p><strong>Getting Ready for Your Puppy:<\/strong><\/p><ol><li><span style=\"text-decoration: underline;\"><a href=\"https:\/\/fluffylabradoodles.pl\/en\/new-owner-guide\/preparing-your-home\/\">Safe Home \u2013 how to prepare your space before the puppy arrives?<\/a><\/span><\/li><\/ol>\t\t\t\t\t\t\t\t<\/div>\n\t\t\t\t<\/div>\n\t\t\t\t<\/div>\n\t\t\t\t\t<\/div>\n\t\t\t\t<\/div>\n\t\t<div class=\"elementor-element elementor-element-1fdb8380 e-con-full e-flex e-con e-parent\" data-id=\"1fdb8380\" data-element_type=\"container\" data-e-type=\"container\" data-settings=\"{&quot;background_background&quot;:&quot;classic&quot;,&quot;shape_divider_top&quot;:&quot;mountains&quot;}\">\n\t\t\t\t<div class=\"elementor-shape elementor-shape-top\" aria-hidden=\"true\" data-negative=\"false\">\n\t\t\t<svg xmlns=\"http:\/\/www.w3.org\/2000\/svg\" viewBox=\"0 0 1000 100\" preserveAspectRatio=\"none\">\n\t<path class=\"elementor-shape-fill\" opacity=\"0.33\" d=\"M473,67.3c-203.9,88.3-263.1-34-320.3,0C66,119.1,0,59.7,0,59.7V0h1000v59.7 c0,0-62.1,26.1-94.9,29.3c-32.8,3.3-62.8-12.3-75.8-22.1C806,49.6,745.3,8.7,694.9,4.7S492.4,59,473,67.3z\"\/>\n\t<path class=\"elementor-shape-fill\" opacity=\"0.66\" d=\"M734,67.3c-45.5,0-77.2-23.2-129.1-39.1c-28.6-8.7-150.3-10.1-254,39.1 s-91.7-34.4-149.2,0C115.7,118.3,0,39.8,0,39.8V0h1000v36.5c0,0-28.2-18.5-92.1-18.5C810.2,18.1,775.7,67.3,734,67.3z\"\/>\n\t<path class=\"elementor-shape-fill\" d=\"M766.1,28.9c-200-57.5-266,65.5-395.1,19.5C242,1.8,242,5.4,184.8,20.6C128,35.8,132.3,44.9,89.9,52.5C28.6,63.7,0,0,0,0 h1000c0,0-9.9,40.9-83.6,48.1S829.6,47,766.1,28.9z\"\/>\n<\/svg>\t\t<\/div>\n\t\t<div class=\"elementor-element elementor-element-5af41497 e-con-full e-flex e-con e-child\" data-id=\"5af41497\" data-element_type=\"container\" data-e-type=\"container\">\n\t\t<div class=\"elementor-element elementor-element-204f2051 e-con-full e-flex e-con e-child\" data-id=\"204f2051\" data-element_type=\"container\" data-e-type=\"container\" id=\"contact\">\n\t\t\t\t<div class=\"elementor-element elementor-element-7f8b5054 elementor-widget elementor-widget-heading\" data-id=\"7f8b5054\" data-element_type=\"widget\" data-e-type=\"widget\" id=\"#contact\" data-widget_type=\"heading.default\">\n\t\t\t\t<div class=\"elementor-widget-container\">\n\t\t\t\t\t<h2 class=\"elementor-heading-title elementor-size-default\">Contact Us<\/h2>\t\t\t\t<\/div>\n\t\t\t\t<\/div>\n\t\t\t\t<div class=\"elementor-element elementor-element-1af384c8 elementor-widget-divider--view-line elementor-invisible elementor-widget elementor-widget-divider\" data-id=\"1af384c8\" data-element_type=\"widget\" data-e-type=\"widget\" data-settings=\"{&quot;_animation&quot;:&quot;fadeIn&quot;,&quot;_animation_delay&quot;:200}\" data-widget_type=\"divider.default\">\n\t\t\t\t<div class=\"elementor-widget-container\">\n\t\t\t\t\t\t\t<div class=\"elementor-divider\">\n\t\t\t<span class=\"elementor-divider-separator\">\n\t\t\t\t\t\t<\/span>\n\t\t<\/div>\n\t\t\t\t\t\t<\/div>\n\t\t\t\t<\/div>\n\t\t\t\t<div class=\"elementor-element elementor-element-69313875 elementor-invisible elementor-widget elementor-widget-text-editor\" data-id=\"69313875\" data-element_type=\"widget\" data-e-type=\"widget\" data-settings=\"{&quot;_animation&quot;:&quot;fadeIn&quot;,&quot;_animation_delay&quot;:250}\" data-widget_type=\"text-editor.default\">\n\t\t\t\t<div class=\"elementor-widget-container\">\n\t\t\t\t\t\t\t\t\t<p>Are you looking for a loyal, loving companion to become a part of your family? Do you have any questions about Australian Labradoodles or our breeding program?<\/p><p>Feel free to contact us \u2013 we\u2019re happy to help!<\/p>\t\t\t\t\t\t\t\t<\/div>\n\t\t\t\t<\/div>\n\t\t\t\t<div class=\"elementor-element elementor-element-45ab0e2 elementor-widget elementor-widget-heading\" data-id=\"45ab0e2\" data-element_type=\"widget\" data-e-type=\"widget\" data-widget_type=\"heading.default\">\n\t\t\t\t<div class=\"elementor-widget-container\">\n\t\t\t\t\t<h2 class=\"elementor-heading-title elementor-size-default\">Reach us through:<\/h2>\t\t\t\t<\/div>\n\t\t\t\t<\/div>\n\t\t\t\t<div class=\"elementor-element elementor-element-25daf961 elementor-mobile-align-start elementor-icon-list--layout-traditional elementor-list-item-link-full_width elementor-widget elementor-widget-icon-list\" data-id=\"25daf961\" data-element_type=\"widget\" data-e-type=\"widget\" data-widget_type=\"icon-list.default\">\n\t\t\t\t<div class=\"elementor-widget-container\">\n\t\t\t\t\t\t\t<ul class=\"elementor-icon-list-items\">\n\t\t\t\t\t\t\t<li class=\"elementor-icon-list-item\">\n\t\t\t\t\t\t\t\t\t\t\t<span class=\"elementor-icon-list-icon\">\n\t\t\t\t\t\t\t<svg aria-hidden=\"true\" class=\"e-font-icon-svg e-fas-map-marker-alt\" viewBox=\"0 0 384 512\" xmlns=\"http:\/\/www.w3.org\/2000\/svg\"><path d=\"M172.268 501.67C26.97 291.031 0 269.413 0 192 0 85.961 85.961 0 192 0s192 85.961 192 192c0 77.413-26.97 99.031-172.268 309.67-9.535 13.774-29.93 13.773-39.464 0zM192 272c44.183 0 80-35.817 80-80s-35.817-80-80-80-80 35.817-80 80 35.817 80 80 80z\"><\/path><\/svg>\t\t\t\t\t\t<\/span>\n\t\t\t\t\t\t\t\t\t\t<span class=\"elementor-icon-list-text\">Poland, \u0141\u00f3d\u017a<\/span>\n\t\t\t\t\t\t\t\t\t<\/li>\n\t\t\t\t\t\t\t\t<li class=\"elementor-icon-list-item\">\n\t\t\t\t\t\t\t\t\t\t\t<span class=\"elementor-icon-list-icon\">\n\t\t\t\t\t\t\t<svg aria-hidden=\"true\" class=\"e-font-icon-svg e-fas-phone\" viewBox=\"0 0 512 512\" xmlns=\"http:\/\/www.w3.org\/2000\/svg\"><path d=\"M493.4 24.6l-104-24c-11.3-2.6-22.9 3.3-27.5 13.9l-48 112c-4.2 9.8-1.4 21.3 6.9 28l60.6 49.6c-36 76.7-98.9 140.5-177.2 177.2l-49.6-60.6c-6.8-8.3-18.2-11.1-28-6.9l-112 48C3.9 366.5-2 378.1.6 389.4l24 104C27.1 504.2 36.7 512 48 512c256.1 0 464-207.5 464-464 0-11.2-7.7-20.9-18.6-23.4z\"><\/path><\/svg>\t\t\t\t\t\t<\/span>\n\t\t\t\t\t\t\t\t\t\t<span class=\"elementor-icon-list-text\"><b>+<\/b>48<b> <\/b>791 518 070<\/span>\n\t\t\t\t\t\t\t\t\t<\/li>\n\t\t\t\t\t\t\t\t<li class=\"elementor-icon-list-item\">\n\t\t\t\t\t\t\t\t\t\t\t<span class=\"elementor-icon-list-icon\">\n\t\t\t\t\t\t\t<svg aria-hidden=\"true\" class=\"e-font-icon-svg e-far-envelope-open\" viewBox=\"0 0 512 512\" xmlns=\"http:\/\/www.w3.org\/2000\/svg\"><path d=\"M494.586 164.516c-4.697-3.883-111.723-89.95-135.251-108.657C337.231 38.191 299.437 0 256 0c-43.205 0-80.636 37.717-103.335 55.859-24.463 19.45-131.07 105.195-135.15 108.549A48.004 48.004 0 0 0 0 201.485V464c0 26.51 21.49 48 48 48h416c26.51 0 48-21.49 48-48V201.509a48 48 0 0 0-17.414-36.993zM464 458a6 6 0 0 1-6 6H54a6 6 0 0 1-6-6V204.347c0-1.813.816-3.526 2.226-4.665 15.87-12.814 108.793-87.554 132.364-106.293C200.755 78.88 232.398 48 256 48c23.693 0 55.857 31.369 73.41 45.389 23.573 18.741 116.503 93.493 132.366 106.316a5.99 5.99 0 0 1 2.224 4.663V458zm-31.991-187.704c4.249 5.159 3.465 12.795-1.745 16.981-28.975 23.283-59.274 47.597-70.929 56.863C336.636 362.283 299.205 400 256 400c-43.452 0-81.287-38.237-103.335-55.86-11.279-8.967-41.744-33.413-70.927-56.865-5.21-4.187-5.993-11.822-1.745-16.981l15.258-18.528c4.178-5.073 11.657-5.843 16.779-1.726 28.618 23.001 58.566 47.035 70.56 56.571C200.143 320.631 232.307 352 256 352c23.602 0 55.246-30.88 73.41-45.389 11.994-9.535 41.944-33.57 70.563-56.568 5.122-4.116 12.601-3.346 16.778 1.727l15.258 18.526z\"><\/path><\/svg>\t\t\t\t\t\t<\/span>\n\t\t\t\t\t\t\t\t\t\t<span class=\"elementor-icon-list-text\">labradoodlesbreader@gmail.com<\/span>\n\t\t\t\t\t\t\t\t\t<\/li>\n\t\t\t\t\t\t<\/ul>\n\t\t\t\t\t\t<\/div>\n\t\t\t\t<\/div>\n\t\t\t\t<\/div>\n\t\t<div class=\"elementor-element elementor-element-1b3552eb e-con-full e-flex e-con e-child\" data-id=\"1b3552eb\" data-element_type=\"container\" data-e-type=\"container\">\n\t\t\t\t<\/div>\n\t\t<div class=\"elementor-element elementor-element-592073f8 e-con-full e-flex e-con e-child\" data-id=\"592073f8\" data-element_type=\"container\" data-e-type=\"container\">\n\t\t\t\t<\/div>\n\t\t<div class=\"elementor-element elementor-element-371f90da e-con-full e-flex e-con e-child\" data-id=\"371f90da\" data-element_type=\"container\" data-e-type=\"container\">\n\t\t\t\t<\/div>\n\t\t\t\t<\/div>\n\t\t<div class=\"elementor-element elementor-element-33654a13 e-con-full e-flex e-con e-child\" data-id=\"33654a13\" data-element_type=\"container\" data-e-type=\"container\">\n\t\t\t\t<div class=\"elementor-element elementor-element-7c3a3c80 elementor-widget elementor-widget-heading\" data-id=\"7c3a3c80\" data-element_type=\"widget\" data-e-type=\"widget\" data-widget_type=\"heading.default\">\n\t\t\t\t<div class=\"elementor-widget-container\">\n\t\t\t\t\t<h2 class=\"elementor-heading-title elementor-size-default\">We are proud member of:<\/h2>\t\t\t\t<\/div>\n\t\t\t\t<\/div>\n\t\t<div class=\"elementor-element elementor-element-1ae88c9e e-con-full e-grid e-con e-child\" data-id=\"1ae88c9e\" data-element_type=\"container\" data-e-type=\"container\" data-settings=\"{&quot;background_background&quot;:&quot;classic&quot;}\">\n\t\t\t\t<div class=\"elementor-element elementor-element-2657a68 elementor-widget__width-auto elementor-widget elementor-widget-image\" data-id=\"2657a68\" data-element_type=\"widget\" data-e-type=\"widget\" data-widget_type=\"image.default\">\n\t\t\t\t<div class=\"elementor-widget-container\">\n\t\t\t\t\t\t\t\t\t\t\t\t<figure class=\"wp-caption\">\n\t\t\t\t\t\t\t\t\t\t\t<a href=\"https:\/\/www.walalabradoodles.org\/\" target=\"_blank\" rel=\"noopener\">\n\t\t\t\t\t\t\t<img loading=\"lazy\" decoding=\"async\" width=\"256\" height=\"256\" src=\"https:\/\/fluffylabradoodles.pl\/wp-content\/uploads\/2025\/03\/wala-logo.png\" class=\"attachment-medium size-medium wp-image-430\" alt=\"Logo organizacji WALA zrzeszaj\u0105cej hodowc\u00f3w australijskie labradoodle\" srcset=\"https:\/\/fluffylabradoodles.pl\/wp-content\/uploads\/2025\/03\/wala-logo.png 256w, https:\/\/fluffylabradoodles.pl\/wp-content\/uploads\/2025\/03\/wala-logo-150x150.png 150w, https:\/\/fluffylabradoodles.pl\/wp-content\/uploads\/2025\/03\/wala-logo-12x12.png 12w\" sizes=\"auto, (max-width: 256px) 100vw, 256px\" \/>\t\t\t\t\t\t\t\t<\/a>\n\t\t\t\t\t\t\t\t\t\t\t<figcaption class=\"widget-image-caption wp-caption-text\">Logo organizacji WALA zrzeszaj\u0105cej hodowc\u00f3w australijskie labradoodle<\/figcaption>\n\t\t\t\t\t\t\t\t\t\t<\/figure>\n\t\t\t\t\t\t\t\t\t<\/div>\n\t\t\t\t<\/div>\n\t\t\t\t<div class=\"elementor-element elementor-element-5064241c elementor-widget__width-auto elementor-widget elementor-widget-image\" data-id=\"5064241c\" data-element_type=\"widget\" data-e-type=\"widget\" data-widget_type=\"image.default\">\n\t\t\t\t<div class=\"elementor-widget-container\">\n\t\t\t\t\t\t\t\t\t\t\t\t\t\t\t\t<a href=\"https:\/\/www.walalabradoodles.org\/\" target=\"_blank\" rel=\"noopener\">\n\t\t\t\t\t\t\t<img loading=\"lazy\" decoding=\"async\" width=\"250\" height=\"300\" src=\"https:\/\/fluffylabradoodles.pl\/wp-content\/uploads\/2025\/02\/Fluffy-Labradoodle-Paws-Accredited-2-250x300.png\" class=\"attachment-medium size-medium wp-image-297\" alt=\"Odznaczenia WALA Przyznawane hodowc\u0105 Australijskich Labradoodle\" srcset=\"https:\/\/fluffylabradoodles.pl\/wp-content\/uploads\/2025\/02\/Fluffy-Labradoodle-Paws-Accredited-2-250x300.png 250w, https:\/\/fluffylabradoodles.pl\/wp-content\/uploads\/2025\/02\/Fluffy-Labradoodle-Paws-Accredited-2-852x1024.png 852w, https:\/\/fluffylabradoodles.pl\/wp-content\/uploads\/2025\/02\/Fluffy-Labradoodle-Paws-Accredited-2-768x923.png 768w, https:\/\/fluffylabradoodles.pl\/wp-content\/uploads\/2025\/02\/Fluffy-Labradoodle-Paws-Accredited-2.png 888w\" sizes=\"auto, (max-width: 250px) 100vw, 250px\" \/>\t\t\t\t\t\t\t\t<\/a>\n\t\t\t\t\t\t\t\t\t\t\t\t\t\t\t<\/div>\n\t\t\t\t<\/div>\n\t\t\t\t<div class=\"elementor-element elementor-element-6cac4ea2 elementor-widget elementor-widget-image\" data-id=\"6cac4ea2\" data-element_type=\"widget\" data-e-type=\"widget\" data-widget_type=\"image.default\">\n\t\t\t\t<div class=\"elementor-widget-container\">\n\t\t\t\t\t\t\t\t\t\t\t\t<figure class=\"wp-caption\">\n\t\t\t\t\t\t\t\t\t\t\t<a href=\"https:\/\/alaeu.com\/\" target=\"_blank\" rel=\"noopener\">\n\t\t\t\t\t\t\t<img loading=\"lazy\" decoding=\"async\" width=\"300\" height=\"297\" src=\"https:\/\/fluffylabradoodles.pl\/wp-content\/uploads\/2026\/02\/ALAEU-logo-2026-transparant-300x297.png\" class=\"attachment-medium size-medium wp-image-1201\" alt=\"Australian Labradoodle Association Europe\" srcset=\"https:\/\/fluffylabradoodles.pl\/wp-content\/uploads\/2026\/02\/ALAEU-logo-2026-transparant-300x297.png 300w, https:\/\/fluffylabradoodles.pl\/wp-content\/uploads\/2026\/02\/ALAEU-logo-2026-transparant-150x150.png 150w, https:\/\/fluffylabradoodles.pl\/wp-content\/uploads\/2026\/02\/ALAEU-logo-2026-transparant.png 625w\" sizes=\"auto, (max-width: 300px) 100vw, 300px\" \/>\t\t\t\t\t\t\t\t<\/a>\n\t\t\t\t\t\t\t\t\t\t\t<figcaption class=\"widget-image-caption wp-caption-text\"><\/figcaption>\n\t\t\t\t\t\t\t\t\t\t<\/figure>\n\t\t\t\t\t\t\t\t\t<\/div>\n\t\t\t\t<\/div>\n\t\t\t\t<\/div>\n\t\t\t\t<\/div>\n\t\t\t\t<\/div>\n\t\t\t\t<\/div>\n\t\t","protected":false},"excerpt":{"rendered":"<p>Na start Poradnik dla nowych w\u0142a\u015bcicieli labradoodle Przyj\u0119cie szczeniaka do domu to wielka rado\u015b\u0107, ale te\u017c ogromna odpowiedzialno\u015b\u0107. Pierwsze dni w nowym miejscu maj\u0105 kluczowe znaczenie dla jego poczucia bezpiecze\u0144stwa i dalszego rozwoju. Labradoodle to psy inteligentne i wra\u017cliwe &#8211; potrzebuj\u0105 stabilnego, spokojnego otoczenia, by odnale\u017a\u0107 si\u0119 w nowej rzeczywisto\u015bci.\u00a0 Jako hodowcy zawsze jeste\u015bmy do&#8230;<\/p>\n","protected":false},"author":1,"featured_media":0,"parent":0,"menu_order":0,"comment_status":"closed","ping_status":"closed","template":"","meta":{"_kad_post_transparent":"","_kad_post_title":"hide","_kad_post_layout":"fullwidth","_kad_post_sidebar_id":"","_kad_post_content_style":"unboxed","_kad_post_vertical_padding":"hide","_kad_post_feature":"hide","_kad_post_feature_position":"","_kad_post_header":false,"_kad_post_footer":false,"_kad_post_classname":"","footnotes":""},"class_list":["post-1150","page","type-page","status-publish","hentry"],"_links":{"self":[{"href":"https:\/\/fluffylabradoodles.pl\/en\/wp-json\/wp\/v2\/pages\/1150","targetHints":{"allow":["GET"]}}],"collection":[{"href":"https:\/\/fluffylabradoodles.pl\/en\/wp-json\/wp\/v2\/pages"}],"about":[{"href":"https:\/\/fluffylabradoodles.pl\/en\/wp-json\/wp\/v2\/types\/page"}],"author":[{"embeddable":true,"href":"https:\/\/fluffylabradoodles.pl\/en\/wp-json\/wp\/v2\/users\/1"}],"replies":[{"embeddable":true,"href":"https:\/\/fluffylabradoodles.pl\/en\/wp-json\/wp\/v2\/comments?post=1150"}],"version-history":[{"count":13,"href":"https:\/\/fluffylabradoodles.pl\/en\/wp-json\/wp\/v2\/pages\/1150\/revisions"}],"predecessor-version":[{"id":1239,"href":"https:\/\/fluffylabradoodles.pl\/en\/wp-json\/wp\/v2\/pages\/1150\/revisions\/1239"}],"wp:attachment":[{"href":"https:\/\/fluffylabradoodles.pl\/en\/wp-json\/wp\/v2\/media?parent=1150"}],"curies":[{"name":"wp","href":"https:\/\/api.w.org\/{rel}","templated":true}]}}