{"id":1020,"date":"2025-05-04T09:55:20","date_gmt":"2025-05-04T09:55:20","guid":{"rendered":"https:\/\/fluffylabradoodles.pl\/?page_id=1020"},"modified":"2026-02-06T22:10:08","modified_gmt":"2026-02-06T22:10:08","slug":"kodeks-etyczny","status":"publish","type":"page","link":"https:\/\/fluffylabradoodles.pl\/en\/ethical-code\/","title":{"rendered":"Ethical Code"},"content":{"rendered":"\t\t<div data-elementor-type=\"wp-page\" data-elementor-id=\"1020\" class=\"elementor elementor-1020\">\n\t\t\t\t<div class=\"elementor-element elementor-element-1f913233 e-flex e-con-boxed e-con e-parent\" data-id=\"1f913233\" data-element_type=\"container\" data-e-type=\"container\" data-settings=\"{&quot;background_background&quot;:&quot;classic&quot;}\">\n\t\t\t\t\t<div class=\"e-con-inner\">\n\t\t<div class=\"elementor-element elementor-element-246e44f5 e-con-full e-flex e-con e-child\" data-id=\"246e44f5\" data-element_type=\"container\" data-e-type=\"container\">\n\t\t\t\t<div class=\"elementor-element elementor-element-511938c9 elementor-widget elementor-widget-heading\" data-id=\"511938c9\" data-element_type=\"widget\" data-e-type=\"widget\" data-widget_type=\"heading.default\">\n\t\t\t\t<div class=\"elementor-widget-container\">\n\t\t\t\t\t<h1 class=\"elementor-heading-title elementor-size-default\">Kodeks Etyczny<\/h1>\t\t\t\t<\/div>\n\t\t\t\t<\/div>\n\t\t\t\t<\/div>\n\t\t<div class=\"elementor-element elementor-element-2ccbb7c e-con-full e-flex e-con e-child\" data-id=\"2ccbb7c\" data-element_type=\"container\" data-e-type=\"container\">\n\t\t\t\t<div class=\"elementor-element elementor-element-105714eb elementor-widget__width-initial elementor-widget elementor-widget-image\" data-id=\"105714eb\" data-element_type=\"widget\" data-e-type=\"widget\" data-widget_type=\"image.default\">\n\t\t\t\t<div class=\"elementor-widget-container\">\n\t\t\t\t\t\t\t\t\t\t\t\t\t\t\t<img loading=\"lazy\" decoding=\"async\" width=\"605\" height=\"596\" src=\"https:\/\/fluffylabradoodles.pl\/wp-content\/uploads\/2025\/03\/IMG_20250324_105007.png\" class=\"attachment-large size-large wp-image-575\" alt=\"\" srcset=\"https:\/\/fluffylabradoodles.pl\/wp-content\/uploads\/2025\/03\/IMG_20250324_105007.png 605w, https:\/\/fluffylabradoodles.pl\/wp-content\/uploads\/2025\/03\/IMG_20250324_105007-300x296.png 300w\" sizes=\"auto, (max-width: 605px) 100vw, 605px\" \/>\t\t\t\t\t\t\t\t\t\t\t\t\t\t\t<\/div>\n\t\t\t\t<\/div>\n\t\t\t\t<\/div>\n\t\t\t\t\t<\/div>\n\t\t\t\t<\/div>\n\t\t<div class=\"elementor-element elementor-element-597d59d4 e-flex e-con-boxed e-con e-parent\" data-id=\"597d59d4\" data-element_type=\"container\" data-e-type=\"container\" id=\"wzorzec\" data-settings=\"{&quot;background_background&quot;:&quot;classic&quot;}\">\n\t\t\t\t\t<div class=\"e-con-inner\">\n\t\t\t\t<div class=\"elementor-element elementor-element-4c17c2fb elementor-widget-mobile__width-initial elementor-widget elementor-widget-text-editor\" data-id=\"4c17c2fb\" data-element_type=\"widget\" data-e-type=\"widget\" data-widget_type=\"text-editor.default\">\n\t\t\t\t<div class=\"elementor-widget-container\">\n\t\t\t\t\t\t\t\t\t<p data-pm-slice=\"1 1 []\"><span style=\"font-weight: normal;\">Breeding Australian Labradoodles is more than just a passion for us &#8211; it is a conscious decision to take a responsible and ethical approach to living with dogs and breeding them further. From the very beginning, we have been guided by care for the health and development of our animals and the entire breed. <span style=\"text-decoration: underline;\"><a href=\"https:\/\/fluffylabradoodles.pl\/en\/about-us\/\">(To better understand our approach, get to know our story.<\/a><\/span>)<\/span><\/p><p data-pm-slice=\"1 1 []\"><span style=\"font-weight: normal;\">The code we have created reflects the values we follow every day &#8211; both in daily care and in planning the future of our Labradoodles. It is a set of principles that are obvious to us, but which we want to clearly and openly present to everyone who joins our community.<\/span><\/p>\t\t\t\t\t\t\t\t<\/div>\n\t\t\t\t<\/div>\n\t\t<div class=\"elementor-element elementor-element-757ba435 e-con-full e-flex e-con e-child\" data-id=\"757ba435\" data-element_type=\"container\" data-e-type=\"container\">\n\t\t\t\t<div class=\"elementor-element elementor-element-3b95aa5e elementor-widget elementor-widget-heading\" data-id=\"3b95aa5e\" data-element_type=\"widget\" data-e-type=\"widget\" data-widget_type=\"heading.default\">\n\t\t\t\t<div class=\"elementor-widget-container\">\n\t\t\t\t\t<h1 class=\"elementor-heading-title elementor-size-default\">Kodeks Etyczny naszej hodowli Labradoodle:<\/h1>\t\t\t\t<\/div>\n\t\t\t\t<\/div>\n\t\t\t\t<div class=\"elementor-element elementor-element-46e499e2 elementor-widget elementor-widget-text-editor\" data-id=\"46e499e2\" data-element_type=\"widget\" data-e-type=\"widget\" data-widget_type=\"text-editor.default\">\n\t\t\t\t<div class=\"elementor-widget-container\">\n\t\t\t\t\t\t\t\t\t<ol><li><strong>We care about the health of our dogs and puppies.<\/strong><br \/>All our breeding dogs pass the necessary health tests. If there is any doubt about their health condition, we do not allow them to breed. The welfare of the animals always comes before any breeding plans.<\/li><li><strong>We are firmly opposed to early spaying\/neutering.<\/strong><br \/>Early sterilization can negatively affect a puppy\u2019s development, which is why we do not practice it. It is an important aspect of caring for the physical and mental health of our dogs.<\/li><li><strong>We are a family-run kennel.<\/strong><br \/>We have only a few dogs so we can give each of them the attention, care, and training they deserve. Our dogs are full-fledged members of the family \u2013 they accompany us on holidays, during celebrations, and in everyday activities. We cannot imagine a kennel based on cages or so-called \u201cpuppy mills,\u201d where the number of animals makes it impossible to provide closeness and individual human contact.<\/li><li><strong>We socialize our puppies according to a thoughtful plan.<\/strong><br \/>Each litter follows a carefully prepared socialization plan that supports the puppies\u2019 proper emotional and cognitive development. Thanks to this, dogs from our kennel are open, curious about the world, and well-prepared for life in their new families. <span style=\"text-decoration: underline;\"><a href=\"https:\/\/fluffylabradoodles.pl\/en\/labradoodle-socialization\/\">Read more about our socialization plans here<\/a><\/span><\/li><li><strong>We carefully select future homes for our puppies.<\/strong><br \/>We thoroughly screen new owners to ensure our puppies go to responsible, committed caregivers. We want each of our dogs to be not only loved but also understood and cared for throughout their entire lives.<\/li><li><strong>Every puppy comes with a health guarantee from us.<\/strong><\/li><li><strong>We constantly expand our knowledge.<\/strong><br \/>We believe that good breeding requires continuous development, openness to new research, and humility toward expert knowledge. That\u2019s why we are always striving to broaden our knowledge.<\/li><\/ol>\t\t\t\t\t\t\t\t<\/div>\n\t\t\t\t<\/div>\n\t\t\t\t<\/div>\n\t\t\t\t\t<\/div>\n\t\t\t\t<\/div>\n\t\t<div class=\"elementor-element elementor-element-3c75b0a5 e-con-full e-flex e-con e-parent\" data-id=\"3c75b0a5\" data-element_type=\"container\" data-e-type=\"container\" data-settings=\"{&quot;background_background&quot;:&quot;classic&quot;,&quot;shape_divider_top&quot;:&quot;mountains&quot;}\">\n\t\t\t\t<div class=\"elementor-shape elementor-shape-top\" aria-hidden=\"true\" data-negative=\"false\">\n\t\t\t<svg xmlns=\"http:\/\/www.w3.org\/2000\/svg\" viewBox=\"0 0 1000 100\" preserveAspectRatio=\"none\">\n\t<path class=\"elementor-shape-fill\" opacity=\"0.33\" d=\"M473,67.3c-203.9,88.3-263.1-34-320.3,0C66,119.1,0,59.7,0,59.7V0h1000v59.7 c0,0-62.1,26.1-94.9,29.3c-32.8,3.3-62.8-12.3-75.8-22.1C806,49.6,745.3,8.7,694.9,4.7S492.4,59,473,67.3z\"\/>\n\t<path class=\"elementor-shape-fill\" opacity=\"0.66\" d=\"M734,67.3c-45.5,0-77.2-23.2-129.1-39.1c-28.6-8.7-150.3-10.1-254,39.1 s-91.7-34.4-149.2,0C115.7,118.3,0,39.8,0,39.8V0h1000v36.5c0,0-28.2-18.5-92.1-18.5C810.2,18.1,775.7,67.3,734,67.3z\"\/>\n\t<path class=\"elementor-shape-fill\" d=\"M766.1,28.9c-200-57.5-266,65.5-395.1,19.5C242,1.8,242,5.4,184.8,20.6C128,35.8,132.3,44.9,89.9,52.5C28.6,63.7,0,0,0,0 h1000c0,0-9.9,40.9-83.6,48.1S829.6,47,766.1,28.9z\"\/>\n<\/svg>\t\t<\/div>\n\t\t<div class=\"elementor-element elementor-element-2d174012 e-con-full e-flex e-con e-child\" data-id=\"2d174012\" data-element_type=\"container\" data-e-type=\"container\">\n\t\t<div class=\"elementor-element elementor-element-1343df5c e-con-full e-flex e-con e-child\" data-id=\"1343df5c\" data-element_type=\"container\" data-e-type=\"container\" id=\"contact\">\n\t\t\t\t<div class=\"elementor-element elementor-element-54b4cd7f elementor-widget elementor-widget-heading\" data-id=\"54b4cd7f\" data-element_type=\"widget\" data-e-type=\"widget\" id=\"#contact\" data-widget_type=\"heading.default\">\n\t\t\t\t<div class=\"elementor-widget-container\">\n\t\t\t\t\t<h2 class=\"elementor-heading-title elementor-size-default\">Kontakt<\/h2>\t\t\t\t<\/div>\n\t\t\t\t<\/div>\n\t\t\t\t<div class=\"elementor-element elementor-element-52ea8db0 elementor-widget-divider--view-line elementor-invisible elementor-widget elementor-widget-divider\" data-id=\"52ea8db0\" data-element_type=\"widget\" data-e-type=\"widget\" data-settings=\"{&quot;_animation&quot;:&quot;fadeIn&quot;,&quot;_animation_delay&quot;:200}\" data-widget_type=\"divider.default\">\n\t\t\t\t<div class=\"elementor-widget-container\">\n\t\t\t\t\t\t\t<div class=\"elementor-divider\">\n\t\t\t<span class=\"elementor-divider-separator\">\n\t\t\t\t\t\t<\/span>\n\t\t<\/div>\n\t\t\t\t\t\t<\/div>\n\t\t\t\t<\/div>\n\t\t\t\t<div class=\"elementor-element elementor-element-65a52000 elementor-invisible elementor-widget elementor-widget-text-editor\" data-id=\"65a52000\" data-element_type=\"widget\" data-e-type=\"widget\" data-settings=\"{&quot;_animation&quot;:&quot;fadeIn&quot;,&quot;_animation_delay&quot;:250}\" data-widget_type=\"text-editor.default\">\n\t\t\t\t<div class=\"elementor-widget-container\">\n\t\t\t\t\t\t\t\t\t<p>Are you looking for a loyal, loving companion to become a part of your family? Do you have any questions about Australian Labradoodles or our breeding program?<\/p><p>Feel free to contact us \u2013 we\u2019re happy to help!<\/p>\t\t\t\t\t\t\t\t<\/div>\n\t\t\t\t<\/div>\n\t\t\t\t<div class=\"elementor-element elementor-element-2de7cceb elementor-widget elementor-widget-heading\" data-id=\"2de7cceb\" data-element_type=\"widget\" data-e-type=\"widget\" data-widget_type=\"heading.default\">\n\t\t\t\t<div class=\"elementor-widget-container\">\n\t\t\t\t\t<h2 class=\"elementor-heading-title elementor-size-default\">Skontaktuj si\u0119 z nami:<\/h2>\t\t\t\t<\/div>\n\t\t\t\t<\/div>\n\t\t\t\t<div class=\"elementor-element elementor-element-23cb7f10 elementor-mobile-align-start elementor-icon-list--layout-traditional elementor-list-item-link-full_width elementor-widget elementor-widget-icon-list\" data-id=\"23cb7f10\" data-element_type=\"widget\" data-e-type=\"widget\" data-widget_type=\"icon-list.default\">\n\t\t\t\t<div class=\"elementor-widget-container\">\n\t\t\t\t\t\t\t<ul class=\"elementor-icon-list-items\">\n\t\t\t\t\t\t\t<li class=\"elementor-icon-list-item\">\n\t\t\t\t\t\t\t\t\t\t\t<span class=\"elementor-icon-list-icon\">\n\t\t\t\t\t\t\t<svg aria-hidden=\"true\" class=\"e-font-icon-svg e-fas-map-marker-alt\" viewBox=\"0 0 384 512\" xmlns=\"http:\/\/www.w3.org\/2000\/svg\"><path d=\"M172.268 501.67C26.97 291.031 0 269.413 0 192 0 85.961 85.961 0 192 0s192 85.961 192 192c0 77.413-26.97 99.031-172.268 309.67-9.535 13.774-29.93 13.773-39.464 0zM192 272c44.183 0 80-35.817 80-80s-35.817-80-80-80-80 35.817-80 80 35.817 80 80 80z\"><\/path><\/svg>\t\t\t\t\t\t<\/span>\n\t\t\t\t\t\t\t\t\t\t<span class=\"elementor-icon-list-text\">Poland, \u0141\u00f3d\u017a<\/span>\n\t\t\t\t\t\t\t\t\t<\/li>\n\t\t\t\t\t\t\t\t<li class=\"elementor-icon-list-item\">\n\t\t\t\t\t\t\t\t\t\t\t<span class=\"elementor-icon-list-icon\">\n\t\t\t\t\t\t\t<svg aria-hidden=\"true\" class=\"e-font-icon-svg e-fas-phone\" viewBox=\"0 0 512 512\" xmlns=\"http:\/\/www.w3.org\/2000\/svg\"><path d=\"M493.4 24.6l-104-24c-11.3-2.6-22.9 3.3-27.5 13.9l-48 112c-4.2 9.8-1.4 21.3 6.9 28l60.6 49.6c-36 76.7-98.9 140.5-177.2 177.2l-49.6-60.6c-6.8-8.3-18.2-11.1-28-6.9l-112 48C3.9 366.5-2 378.1.6 389.4l24 104C27.1 504.2 36.7 512 48 512c256.1 0 464-207.5 464-464 0-11.2-7.7-20.9-18.6-23.4z\"><\/path><\/svg>\t\t\t\t\t\t<\/span>\n\t\t\t\t\t\t\t\t\t\t<span class=\"elementor-icon-list-text\"><b>+<\/b>48<b> <\/b>791 518 070<\/span>\n\t\t\t\t\t\t\t\t\t<\/li>\n\t\t\t\t\t\t\t\t<li class=\"elementor-icon-list-item\">\n\t\t\t\t\t\t\t\t\t\t\t<span class=\"elementor-icon-list-icon\">\n\t\t\t\t\t\t\t<svg aria-hidden=\"true\" class=\"e-font-icon-svg e-far-envelope-open\" viewBox=\"0 0 512 512\" xmlns=\"http:\/\/www.w3.org\/2000\/svg\"><path d=\"M494.586 164.516c-4.697-3.883-111.723-89.95-135.251-108.657C337.231 38.191 299.437 0 256 0c-43.205 0-80.636 37.717-103.335 55.859-24.463 19.45-131.07 105.195-135.15 108.549A48.004 48.004 0 0 0 0 201.485V464c0 26.51 21.49 48 48 48h416c26.51 0 48-21.49 48-48V201.509a48 48 0 0 0-17.414-36.993zM464 458a6 6 0 0 1-6 6H54a6 6 0 0 1-6-6V204.347c0-1.813.816-3.526 2.226-4.665 15.87-12.814 108.793-87.554 132.364-106.293C200.755 78.88 232.398 48 256 48c23.693 0 55.857 31.369 73.41 45.389 23.573 18.741 116.503 93.493 132.366 106.316a5.99 5.99 0 0 1 2.224 4.663V458zm-31.991-187.704c4.249 5.159 3.465 12.795-1.745 16.981-28.975 23.283-59.274 47.597-70.929 56.863C336.636 362.283 299.205 400 256 400c-43.452 0-81.287-38.237-103.335-55.86-11.279-8.967-41.744-33.413-70.927-56.865-5.21-4.187-5.993-11.822-1.745-16.981l15.258-18.528c4.178-5.073 11.657-5.843 16.779-1.726 28.618 23.001 58.566 47.035 70.56 56.571C200.143 320.631 232.307 352 256 352c23.602 0 55.246-30.88 73.41-45.389 11.994-9.535 41.944-33.57 70.563-56.568 5.122-4.116 12.601-3.346 16.778 1.727l15.258 18.526z\"><\/path><\/svg>\t\t\t\t\t\t<\/span>\n\t\t\t\t\t\t\t\t\t\t<span class=\"elementor-icon-list-text\">labradoodlesbreader@gmail.com<\/span>\n\t\t\t\t\t\t\t\t\t<\/li>\n\t\t\t\t\t\t<\/ul>\n\t\t\t\t\t\t<\/div>\n\t\t\t\t<\/div>\n\t\t\t\t<\/div>\n\t\t<div class=\"elementor-element elementor-element-5618d0e6 e-con-full e-flex e-con e-child\" data-id=\"5618d0e6\" data-element_type=\"container\" data-e-type=\"container\">\n\t\t\t\t<\/div>\n\t\t<div class=\"elementor-element elementor-element-4d609a66 e-con-full e-flex e-con e-child\" data-id=\"4d609a66\" data-element_type=\"container\" data-e-type=\"container\">\n\t\t\t\t<\/div>\n\t\t<div class=\"elementor-element elementor-element-45a6439a e-con-full e-flex e-con e-child\" data-id=\"45a6439a\" data-element_type=\"container\" data-e-type=\"container\">\n\t\t\t\t<\/div>\n\t\t\t\t<\/div>\n\t\t<div class=\"elementor-element elementor-element-25776d8e e-con-full e-flex e-con e-child\" data-id=\"25776d8e\" data-element_type=\"container\" data-e-type=\"container\">\n\t\t\t\t<div class=\"elementor-element elementor-element-290ec413 elementor-widget elementor-widget-heading\" data-id=\"290ec413\" data-element_type=\"widget\" data-e-type=\"widget\" data-widget_type=\"heading.default\">\n\t\t\t\t<div class=\"elementor-widget-container\">\n\t\t\t\t\t<h2 class=\"elementor-heading-title elementor-size-default\">Dumnie nale\u017cymy do:<\/h2>\t\t\t\t<\/div>\n\t\t\t\t<\/div>\n\t\t<div class=\"elementor-element elementor-element-5ccc8fed e-con-full e-grid e-con e-child\" data-id=\"5ccc8fed\" data-element_type=\"container\" data-e-type=\"container\" data-settings=\"{&quot;background_background&quot;:&quot;classic&quot;}\">\n\t\t\t\t<div class=\"elementor-element elementor-element-29ee02a2 elementor-widget__width-auto elementor-widget elementor-widget-image\" data-id=\"29ee02a2\" data-element_type=\"widget\" data-e-type=\"widget\" data-widget_type=\"image.default\">\n\t\t\t\t<div class=\"elementor-widget-container\">\n\t\t\t\t\t\t\t\t\t\t\t\t<figure class=\"wp-caption\">\n\t\t\t\t\t\t\t\t\t\t\t<a href=\"https:\/\/www.walalabradoodles.org\/\" target=\"_blank\" rel=\"noopener\">\n\t\t\t\t\t\t\t<img loading=\"lazy\" decoding=\"async\" width=\"256\" height=\"256\" src=\"https:\/\/fluffylabradoodles.pl\/wp-content\/uploads\/2025\/03\/wala-logo.png\" class=\"attachment-medium size-medium wp-image-430\" alt=\"Logo organizacji WALA zrzeszaj\u0105cej hodowc\u00f3w australijskie labradoodle\" srcset=\"https:\/\/fluffylabradoodles.pl\/wp-content\/uploads\/2025\/03\/wala-logo.png 256w, https:\/\/fluffylabradoodles.pl\/wp-content\/uploads\/2025\/03\/wala-logo-150x150.png 150w, https:\/\/fluffylabradoodles.pl\/wp-content\/uploads\/2025\/03\/wala-logo-12x12.png 12w\" sizes=\"auto, (max-width: 256px) 100vw, 256px\" \/>\t\t\t\t\t\t\t\t<\/a>\n\t\t\t\t\t\t\t\t\t\t\t<figcaption class=\"widget-image-caption wp-caption-text\">Logo organizacji WALA zrzeszaj\u0105cej hodowc\u00f3w australijskie labradoodle<\/figcaption>\n\t\t\t\t\t\t\t\t\t\t<\/figure>\n\t\t\t\t\t\t\t\t\t<\/div>\n\t\t\t\t<\/div>\n\t\t\t\t<div class=\"elementor-element elementor-element-2ce0b2be elementor-widget__width-auto elementor-widget elementor-widget-image\" data-id=\"2ce0b2be\" data-element_type=\"widget\" data-e-type=\"widget\" data-widget_type=\"image.default\">\n\t\t\t\t<div class=\"elementor-widget-container\">\n\t\t\t\t\t\t\t\t\t\t\t\t\t\t\t\t<a href=\"https:\/\/www.walalabradoodles.org\/\" target=\"_blank\" rel=\"noopener\">\n\t\t\t\t\t\t\t<img loading=\"lazy\" decoding=\"async\" width=\"250\" height=\"300\" src=\"https:\/\/fluffylabradoodles.pl\/wp-content\/uploads\/2025\/02\/Fluffy-Labradoodle-Paws-Accredited-2-250x300.png\" class=\"attachment-medium size-medium wp-image-297\" alt=\"Odznaczenia WALA Przyznawane hodowc\u0105 Australijskich Labradoodle\" srcset=\"https:\/\/fluffylabradoodles.pl\/wp-content\/uploads\/2025\/02\/Fluffy-Labradoodle-Paws-Accredited-2-250x300.png 250w, https:\/\/fluffylabradoodles.pl\/wp-content\/uploads\/2025\/02\/Fluffy-Labradoodle-Paws-Accredited-2-852x1024.png 852w, https:\/\/fluffylabradoodles.pl\/wp-content\/uploads\/2025\/02\/Fluffy-Labradoodle-Paws-Accredited-2-768x923.png 768w, https:\/\/fluffylabradoodles.pl\/wp-content\/uploads\/2025\/02\/Fluffy-Labradoodle-Paws-Accredited-2.png 888w\" sizes=\"auto, (max-width: 250px) 100vw, 250px\" \/>\t\t\t\t\t\t\t\t<\/a>\n\t\t\t\t\t\t\t\t\t\t\t\t\t\t\t<\/div>\n\t\t\t\t<\/div>\n\t\t\t\t<div class=\"elementor-element elementor-element-126c9d0f elementor-widget elementor-widget-image\" data-id=\"126c9d0f\" data-element_type=\"widget\" data-e-type=\"widget\" data-widget_type=\"image.default\">\n\t\t\t\t<div class=\"elementor-widget-container\">\n\t\t\t\t\t\t\t\t\t\t\t\t<figure class=\"wp-caption\">\n\t\t\t\t\t\t\t\t\t\t\t<a href=\"https:\/\/alaeu.com\/\" target=\"_blank\" rel=\"noopener\">\n\t\t\t\t\t\t\t<img loading=\"lazy\" decoding=\"async\" width=\"300\" height=\"297\" src=\"https:\/\/fluffylabradoodles.pl\/wp-content\/uploads\/2026\/02\/ALAEU-logo-2026-transparant-300x297.png\" class=\"attachment-medium size-medium wp-image-1201\" alt=\"Australian Labradoodle Association Europe\" srcset=\"https:\/\/fluffylabradoodles.pl\/wp-content\/uploads\/2026\/02\/ALAEU-logo-2026-transparant-300x297.png 300w, https:\/\/fluffylabradoodles.pl\/wp-content\/uploads\/2026\/02\/ALAEU-logo-2026-transparant-150x150.png 150w, https:\/\/fluffylabradoodles.pl\/wp-content\/uploads\/2026\/02\/ALAEU-logo-2026-transparant.png 625w\" sizes=\"auto, (max-width: 300px) 100vw, 300px\" \/>\t\t\t\t\t\t\t\t<\/a>\n\t\t\t\t\t\t\t\t\t\t\t<figcaption class=\"widget-image-caption wp-caption-text\"><\/figcaption>\n\t\t\t\t\t\t\t\t\t\t<\/figure>\n\t\t\t\t\t\t\t\t\t<\/div>\n\t\t\t\t<\/div>\n\t\t\t\t<\/div>\n\t\t\t\t<\/div>\n\t\t\t\t<\/div>\n\t\t\t\t<\/div>\n\t\t","protected":false},"excerpt":{"rendered":"<p>Kodeks Etyczny Prowadzenie hodowli Australian Labradoodle to dla nas co\u015b wi\u0119cej ni\u017c pasja &#8211; to \u015bwiadoma decyzja o odpowiedzialnym i etycznym podej\u015bciu do \u017cycia z psami oraz ich dalszego rozmna\u017cania. Od samego pocz\u0105tku przy\u015bwieca nam troska o zdrowie i rozw\u00f3j naszych zwierzak\u00f3w oraz ca\u0142ej rasy. (By lepiej zrozumie\u0107 nasze podej\u015bcie, zapoznaj si\u0119 z nasz\u0105 histori\u0105.)&#8230;.<\/p>\n","protected":false},"author":1,"featured_media":0,"parent":0,"menu_order":0,"comment_status":"closed","ping_status":"closed","template":"","meta":{"_kad_post_transparent":"","_kad_post_title":"","_kad_post_layout":"","_kad_post_sidebar_id":"","_kad_post_content_style":"","_kad_post_vertical_padding":"","_kad_post_feature":"","_kad_post_feature_position":"","_kad_post_header":false,"_kad_post_footer":false,"_kad_post_classname":"","footnotes":""},"class_list":["post-1020","page","type-page","status-publish","hentry"],"_links":{"self":[{"href":"https:\/\/fluffylabradoodles.pl\/en\/wp-json\/wp\/v2\/pages\/1020","targetHints":{"allow":["GET"]}}],"collection":[{"href":"https:\/\/fluffylabradoodles.pl\/en\/wp-json\/wp\/v2\/pages"}],"about":[{"href":"https:\/\/fluffylabradoodles.pl\/en\/wp-json\/wp\/v2\/types\/page"}],"author":[{"embeddable":true,"href":"https:\/\/fluffylabradoodles.pl\/en\/wp-json\/wp\/v2\/users\/1"}],"replies":[{"embeddable":true,"href":"https:\/\/fluffylabradoodles.pl\/en\/wp-json\/wp\/v2\/comments?post=1020"}],"version-history":[{"count":17,"href":"https:\/\/fluffylabradoodles.pl\/en\/wp-json\/wp\/v2\/pages\/1020\/revisions"}],"predecessor-version":[{"id":1235,"href":"https:\/\/fluffylabradoodles.pl\/en\/wp-json\/wp\/v2\/pages\/1020\/revisions\/1235"}],"wp:attachment":[{"href":"https:\/\/fluffylabradoodles.pl\/en\/wp-json\/wp\/v2\/media?parent=1020"}],"curies":[{"name":"wp","href":"https:\/\/api.w.org\/{rel}","templated":true}]}}